{"id":4,"date":"2016-11-16T14:51:03","date_gmt":"2016-11-16T13:51:03","guid":{"rendered":"http:\/\/brukssanger.se\/nya\/?page_id=4"},"modified":"2026-04-28T21:18:52","modified_gmt":"2026-04-28T19:18:52","slug":"hem","status":"publish","type":"page","link":"https:\/\/brukssanger.se\/","title":{"rendered":"V\u00e4lkommen"},"content":{"rendered":"<p><strong>Brukss\u00e5nger<\/strong> \u00e4r s\u00e5ngboken p\u00e5 n\u00e4tet, med s\u00e5nger f\u00f6r gudstj\u00e4nst, andakt, konfirmation, l\u00e4ger, k\u00f6r&#8230; livet. S\u00e5ngerna \u00e4r skrivna b\u00e5de av m\u00e4nniskor som har skrivandet som yrke och m\u00e4nniskor som har skrivandet som hobby. Brukss\u00e5nger \u00e4r en del av <a href=\"https:\/\/www.equmeniakyrkan.se\/\">Equmeniakyrkan.<\/a><br \/>\nOm du har abonnemangskod kan du s\u00f6ka, h\u00e4mta och lyssna p\u00e5 s\u00e5ngerna. Idag finns det omkring 500 s\u00e5nger att v\u00e4lja mellan och varje \u00e5r l\u00e4gger vi till fler.<br \/>\n<strong>F\u00f6r\u00e4ndringar!<\/strong> Under 2026 kommer det att bli en hel del f\u00f6r\u00e4ndringar n\u00e4r det g\u00e4ller utseendet p\u00e5 den h\u00e4r webbplatsen, hur och n\u00e4r vi ger ut de nya s\u00e5ngerna, allt f\u00f6r att g\u00f6ra det l\u00e4ttare att hitta, men ocks\u00e5 tydligare lyfta de s\u00e5nger och tema som \u00e4r aktuellt.<br \/>\nF\u00f6r att l\u00e4ra k\u00e4nna Brukss\u00e5ngers webbplats som den ser ut just nu och hitta de s\u00e5nger du s\u00f6ker kan du g\u00e4rna f\u00f6lja <a href=\"https:\/\/brukssanger.se\/wp-content\/uploads\/2023\/03\/presentation-guide.pdf\">presentationguide<\/a>n.<br \/>\nBli abonnent\u00a0 <a href=\"https:\/\/brukssanger.se\/index.php\/bli-abonnent\/\">H\u00c4R.<\/a><\/p>\n<hr \/>\n<h2>Tre nya s\u00e5nger v\u00e5ren 2026!<\/h2>\n<p>H\u00e4r finns nu tre nya s\u00e5nger att lyssna p\u00e5, sjunga med i och anv\u00e4nda. Klicka p\u00e5 bilden s\u00e5 f\u00e5r du mer information om de olika s\u00e5ngerna. De finns \u00e4ven p\u00e5 Soundcloud och Spotify.<\/p>\n<h2><a href=\"https:\/\/brukssanger.se\/index.php\/2026\/04\/07\/pa-vag-med-dig\/\"><img loading=\"lazy\" decoding=\"async\" class=\"alignnone wp-image-7766\" src=\"https:\/\/brukssanger.se\/wp-content\/uploads\/2026\/04\/brukssanger-26-pa-vag-med-dig-300x300.jpg\" alt=\"\" width=\"200\" height=\"200\" srcset=\"https:\/\/brukssanger.se\/wp-content\/uploads\/2026\/04\/brukssanger-26-pa-vag-med-dig-300x300.jpg 300w, https:\/\/brukssanger.se\/wp-content\/uploads\/2026\/04\/brukssanger-26-pa-vag-med-dig-150x150.jpg 150w, https:\/\/brukssanger.se\/wp-content\/uploads\/2026\/04\/brukssanger-26-pa-vag-med-dig-768x768.jpg 768w, https:\/\/brukssanger.se\/wp-content\/uploads\/2026\/04\/brukssanger-26-pa-vag-med-dig-700x700.jpg 700w, https:\/\/brukssanger.se\/wp-content\/uploads\/2026\/04\/brukssanger-26-pa-vag-med-dig-520x520.jpg 520w, https:\/\/brukssanger.se\/wp-content\/uploads\/2026\/04\/brukssanger-26-pa-vag-med-dig-360x360.jpg 360w, https:\/\/brukssanger.se\/wp-content\/uploads\/2026\/04\/brukssanger-26-pa-vag-med-dig-250x250.jpg 250w, https:\/\/brukssanger.se\/wp-content\/uploads\/2026\/04\/brukssanger-26-pa-vag-med-dig-100x100.jpg 100w, https:\/\/brukssanger.se\/wp-content\/uploads\/2026\/04\/brukssanger-26-pa-vag-med-dig.jpg 800w\" sizes=\"auto, (max-width: 200px) 100vw, 200px\" \/><\/a>\u00a0<a href=\"https:\/\/brukssanger.se\/index.php\/2026\/03\/08\/du-vantar\/\"><img loading=\"lazy\" decoding=\"async\" class=\"alignnone wp-image-7732\" src=\"https:\/\/brukssanger.se\/wp-content\/uploads\/2026\/03\/brukssanger-26-du-vantar-v2-300x300.jpg\" alt=\"\" width=\"200\" height=\"200\" srcset=\"https:\/\/brukssanger.se\/wp-content\/uploads\/2026\/03\/brukssanger-26-du-vantar-v2-300x300.jpg 300w, https:\/\/brukssanger.se\/wp-content\/uploads\/2026\/03\/brukssanger-26-du-vantar-v2-1024x1024.jpg 1024w, https:\/\/brukssanger.se\/wp-content\/uploads\/2026\/03\/brukssanger-26-du-vantar-v2-150x150.jpg 150w, https:\/\/brukssanger.se\/wp-content\/uploads\/2026\/03\/brukssanger-26-du-vantar-v2-768x768.jpg 768w, https:\/\/brukssanger.se\/wp-content\/uploads\/2026\/03\/brukssanger-26-du-vantar-v2-1536x1536.jpg 1536w, https:\/\/brukssanger.se\/wp-content\/uploads\/2026\/03\/brukssanger-26-du-vantar-v2-2048x2048.jpg 2048w, https:\/\/brukssanger.se\/wp-content\/uploads\/2026\/03\/brukssanger-26-du-vantar-v2-700x700.jpg 700w, https:\/\/brukssanger.se\/wp-content\/uploads\/2026\/03\/brukssanger-26-du-vantar-v2-520x520.jpg 520w, https:\/\/brukssanger.se\/wp-content\/uploads\/2026\/03\/brukssanger-26-du-vantar-v2-360x360.jpg 360w, https:\/\/brukssanger.se\/wp-content\/uploads\/2026\/03\/brukssanger-26-du-vantar-v2-250x250.jpg 250w, https:\/\/brukssanger.se\/wp-content\/uploads\/2026\/03\/brukssanger-26-du-vantar-v2-100x100.jpg 100w\" sizes=\"auto, (max-width: 200px) 100vw, 200px\" \/><\/a> <a href=\"https:\/\/brukssanger.se\/index.php\/2026\/02\/10\/karleken-som-famnar-allt\/\"><img loading=\"lazy\" decoding=\"async\" class=\"alignnone wp-image-7698\" src=\"https:\/\/brukssanger.se\/wp-content\/uploads\/2026\/02\/Karleken-som-famnar-allt-600px-300x300.jpg\" alt=\"\" width=\"200\" height=\"200\" srcset=\"https:\/\/brukssanger.se\/wp-content\/uploads\/2026\/02\/Karleken-som-famnar-allt-600px-300x300.jpg 300w, https:\/\/brukssanger.se\/wp-content\/uploads\/2026\/02\/Karleken-som-famnar-allt-600px-150x150.jpg 150w, https:\/\/brukssanger.se\/wp-content\/uploads\/2026\/02\/Karleken-som-famnar-allt-600px-520x520.jpg 520w, https:\/\/brukssanger.se\/wp-content\/uploads\/2026\/02\/Karleken-som-famnar-allt-600px-360x360.jpg 360w, https:\/\/brukssanger.se\/wp-content\/uploads\/2026\/02\/Karleken-som-famnar-allt-600px-250x250.jpg 250w, https:\/\/brukssanger.se\/wp-content\/uploads\/2026\/02\/Karleken-som-famnar-allt-600px-100x100.jpg 100w, https:\/\/brukssanger.se\/wp-content\/uploads\/2026\/02\/Karleken-som-famnar-allt-600px.jpg 600w\" sizes=\"auto, (max-width: 200px) 100vw, 200px\" \/><\/a><\/h2>\n<hr \/>\n<h2>Du fr\u00e5gar om hoppet<a href=\"https:\/\/brukssanger.se\/wp-content\/uploads\/2025\/08\/Du-fragar-om-hoppet.pdf\"><img loading=\"lazy\" decoding=\"async\" class=\"alignright size-medium wp-image-7473\" src=\"https:\/\/brukssanger.se\/wp-content\/uploads\/2025\/08\/DuFragarOmHoppet-300x300.jpg\" alt=\"\" width=\"300\" height=\"300\" srcset=\"https:\/\/brukssanger.se\/wp-content\/uploads\/2025\/08\/DuFragarOmHoppet-300x300.jpg 300w, https:\/\/brukssanger.se\/wp-content\/uploads\/2025\/08\/DuFragarOmHoppet-150x150.jpg 150w, https:\/\/brukssanger.se\/wp-content\/uploads\/2025\/08\/DuFragarOmHoppet-360x360.jpg 360w, https:\/\/brukssanger.se\/wp-content\/uploads\/2025\/08\/DuFragarOmHoppet-250x250.jpg 250w, https:\/\/brukssanger.se\/wp-content\/uploads\/2025\/08\/DuFragarOmHoppet-100x100.jpg 100w, https:\/\/brukssanger.se\/wp-content\/uploads\/2025\/08\/DuFragarOmHoppet.jpg 500w\" sizes=\"auto, (max-width: 300px) 100vw, 300px\" \/><\/a><\/h2>\n<p>Vi f\u00e5r dela en ny s\u00e5ng! Stefan J\u00e4mtb\u00e4ck har skrivit en svensk text till s\u00e5ngen som Lisbeth Smedegaard Andersen och Mads Granum gjort. S\u00e5 h\u00e4r skriver Stefan:<\/p>\n<blockquote><p><em><span style=\"color: #333399;\">Det var p\u00e5 Nordisk Kirkemusiksymposium i K\u00f6penhamn vi fick sjunga med i den ganska nya danska psalmen \u2019Du sp\u00f8r mig om h\u00e5bet\u2019 f\u00f6rsta g\u00e5ngen. B\u00e5de melodin och texten ber\u00f6rde mig djupt, och p\u00e5 t\u00e5get hem fr\u00e5n K\u00f6penhamn b\u00f6rjade jag \u00f6vers\u00e4tta texten. Glad att den nu finns inspelad och kan sjungas p\u00e5 svenska:<br \/>\nDu fr\u00e5gar om hoppet.<\/span><\/em><\/p><\/blockquote>\n<p>H\u00e4r finns noterna till s\u00e5ngen <a href=\"https:\/\/brukssanger.se\/wp-content\/uploads\/2025\/08\/Du-fragar-om-hoppet.pdf\">Du fra\u030agar om hoppet<\/a> och du kan h\u00f6ra <a href=\"https:\/\/open.spotify.com\/track\/0gdy9B6NrtoejaWK128KgI?si=SfqtERAhRuKUcwndC3h3jw&amp;nd=1&amp;dlsi=4b064b9945be47da\">inspelningen p\u00e5 Spotify<\/a><\/p>\n<hr \/>\n<h2><a href=\"https:\/\/brukssanger.se\/index.php\/2025\/03\/05\/sjung-livet\/\"><img loading=\"lazy\" decoding=\"async\" class=\"alignright wp-image-7322 size-medium\" src=\"https:\/\/brukssanger.se\/wp-content\/uploads\/2025\/03\/Sjung-Livet-framsida-212x300.jpg\" alt=\"K\u00f6rh\u00e4ftet Sjung Livet\" width=\"212\" height=\"300\" srcset=\"https:\/\/brukssanger.se\/wp-content\/uploads\/2025\/03\/Sjung-Livet-framsida-212x300.jpg 212w, https:\/\/brukssanger.se\/wp-content\/uploads\/2025\/03\/Sjung-Livet-framsida-520x735.jpg 520w, https:\/\/brukssanger.se\/wp-content\/uploads\/2025\/03\/Sjung-Livet-framsida-360x509.jpg 360w, https:\/\/brukssanger.se\/wp-content\/uploads\/2025\/03\/Sjung-Livet-framsida-250x353.jpg 250w, https:\/\/brukssanger.se\/wp-content\/uploads\/2025\/03\/Sjung-Livet-framsida-100x141.jpg 100w, https:\/\/brukssanger.se\/wp-content\/uploads\/2025\/03\/Sjung-Livet-framsida.jpg 600w\" sizes=\"auto, (max-width: 212px) 100vw, 212px\" \/><\/a><a href=\"https:\/\/brukssanger.se\/index.php\/2025\/03\/05\/sjung-livet\/\">Sjung livet!<\/a><\/h2>\n<p>Hela 42 k\u00f6rsa\u030anger fra\u030an olika utgivningar, d\u00e4r 28 sa\u030angskrivare fra\u030an hela landet bidrar. Sa\u030angerna a\u0308r ta\u0308nkta fo\u0308r blandad ko\u0308r och har tre- eller fyrsta\u0308mmiga arrangemang.<br \/>\nSa\u030angboken a\u0308r uppdelad i sex olika avsnitt:<\/p>\n<ul>\n<li>Tacksamhet och gla\u0308dje<\/li>\n<li>Gud i va\u030ara liv<\/li>\n<li>Rop ur mo\u0308rkret<\/li>\n<li>Fo\u0308rla\u030atelse och uppra\u0308ttelse<\/li>\n<li>Hopp och framtid<\/li>\n<li>Ut i va\u0308rlden<\/li>\n<\/ul>\n<p>Varje tema ramas in av en psaltartext och en reflektion, formulerad av Lena Bergstro\u0308m. Texterna kan ga\u0308rna anva\u0308ndas som komplement till sa\u030angerna. Sjung livet g\u00e5r att best\u00e4lla hos <a href=\"https:\/\/nyamusik.se\" target=\"_blank\" rel=\"noopener\" data-cke-saved-href=\"https:\/\/nyamusik.se\">Nya musik i J\u00f6nk\u00f6ping<\/a>. Noterna \u00e4r fria att kopiera eller ladda ner fritt fo\u0308r alla abonnenter.<\/p>\n<hr \/>\n<h2><span style=\"color: #008000;\">Passa p\u00e5! Fantastiska priser p\u00e5 v\u00e5ra material!<\/span><\/h2>\n<p><span style=\"color: #008000;\"><strong>N\u00e4ra livet<\/strong><\/span> <a href=\"https:\/\/brukssanger.se\/wp-content\/uploads\/2025\/05\/IMG_1854.jpeg\"><img loading=\"lazy\" decoding=\"async\" class=\"alignright wp-image-7413 \" src=\"https:\/\/brukssanger.se\/wp-content\/uploads\/2025\/05\/IMG_1854-300x293.jpeg\" alt=\"\" width=\"223\" height=\"218\" srcset=\"https:\/\/brukssanger.se\/wp-content\/uploads\/2025\/05\/IMG_1854-300x293.jpeg 300w, https:\/\/brukssanger.se\/wp-content\/uploads\/2025\/05\/IMG_1854-360x352.jpeg 360w, https:\/\/brukssanger.se\/wp-content\/uploads\/2025\/05\/IMG_1854-250x244.jpeg 250w, https:\/\/brukssanger.se\/wp-content\/uploads\/2025\/05\/IMG_1854-100x98.jpeg 100w, https:\/\/brukssanger.se\/wp-content\/uploads\/2025\/05\/IMG_1854.jpeg 425w\" sizes=\"auto, (max-width: 223px) 100vw, 223px\" \/><\/a><br \/>\n&#8211; s\u00e5ngboken som \u00e4r ett bra komplement till psalmboken<br \/>\n120 kr\/st\u00a0\u00a0\u00a0 10 ex 90 kr\/st\u00a0\u00a0\u00a0 30 ex 75 kr\/st<\/p>\n<p><span style=\"color: #008000;\"><strong>Markusm\u00e4ssan<\/strong> <\/span><br \/>\n&#8211; musikgudstj\u00e4nst med nattvard, som utg\u00e5r fr\u00e5n Markusevangeliet med s\u00e5nger f\u00f6r fyrst\u00e4mmig k\u00f6r, texter och dramatisering<br \/>\n50 kr\/st\u00a0\u00a0\u00a0 10 ex 30 kr\/st\u00a0\u00a0\u00a0\u00a0 30 ex eller fler 25 kr\/st<\/p>\n<p><span style=\"color: #008000;\"><strong>Till jordens yttersta gr\u00e4ns<\/strong><\/span><br \/>\n&#8211; musikgudstj\u00e4nst som utg\u00e5r fr\u00e5n Apostlag\u00e4rnigarna med s\u00e5nger f\u00f6r fyrst\u00e4mmig k\u00f6r, texter och dramatisering 50 kr\/st\u00a0\u00a0\u00a0 10 ex 30 kr\/st\u00a0\u00a0\u00a0\u00a0 30 ex eller fler 25 kr\/st<\/p>\n<p>Best\u00e4llning g\u00f6rs via <a href=\"https:\/\/www.nyamusik.se\/?gad_source=1&amp;gad_campaignid=11291905181&amp;gclid=CjwKCAjwiezABhBZEiwAEbTPGOXg3kxHpB-GZ_jI3sCsTbRvEpfEAkmj2K4X6r6zlVJUsxyJl_UBkRoCF6EQAvD_BwE\">Nya musik<\/a><\/p>\n<hr \/>\n<h3><a href=\"https:\/\/brukssanger.se\/wp-content\/uploads\/2023\/11\/Sanghafte-Andrum-.pdf\"><img loading=\"lazy\" decoding=\"async\" class=\"alignleft wp-image-6602 size-medium\" style=\"border: 1px solid #555;\" src=\"https:\/\/brukssanger.se\/wp-content\/uploads\/2023\/11\/Andrum-framsida-238x300.jpg\" alt=\"Framsida f\u00f6r Andrumsfoldern\" width=\"238\" height=\"300\" srcset=\"https:\/\/brukssanger.se\/wp-content\/uploads\/2023\/11\/Andrum-framsida-238x300.jpg 238w, https:\/\/brukssanger.se\/wp-content\/uploads\/2023\/11\/Andrum-framsida-811x1024.jpg 811w, https:\/\/brukssanger.se\/wp-content\/uploads\/2023\/11\/Andrum-framsida-768x970.jpg 768w, https:\/\/brukssanger.se\/wp-content\/uploads\/2023\/11\/Andrum-framsida-700x884.jpg 700w, https:\/\/brukssanger.se\/wp-content\/uploads\/2023\/11\/Andrum-framsida-520x657.jpg 520w, https:\/\/brukssanger.se\/wp-content\/uploads\/2023\/11\/Andrum-framsida-360x455.jpg 360w, https:\/\/brukssanger.se\/wp-content\/uploads\/2023\/11\/Andrum-framsida-250x316.jpg 250w, https:\/\/brukssanger.se\/wp-content\/uploads\/2023\/11\/Andrum-framsida-100x126.jpg 100w, https:\/\/brukssanger.se\/wp-content\/uploads\/2023\/11\/Andrum-framsida.jpg 836w\" sizes=\"auto, (max-width: 238px) 100vw, 238px\" \/><\/a><\/h3>\n<h3>S\u00e5nger f\u00f6r andakt och gudstj\u00e4nst<br \/>\n&#8211; i livet som det \u00e4r<\/h3>\n<p>Ett urval av drygt 30 Brukss\u00e5nger finns nu samlade i ett s\u00e5ngh\u00e4fte. S\u00e5nger som \u2028kan passa bra att sjunga i andakter och \u2028gudstj\u00e4nster med inriktning mot det sk\u00f6ra och br\u00e4ckliga i v\u00e5ra liv.<br \/>\nTexter och toner som b\u00e4r n\u00e4r vi delar det som \u2028tynger och oroar, i l\u00e4ngtan efter stillhet och n\u00e4rhet med Gud och varandra.<br \/>\nI Equmeniakyrkan p\u00e5g\u00e5r ett arbete med att hitta former f\u00f6r den h\u00e4r typen av samlingar och en del av det arbetet best\u00e5r i att hitta s\u00e5nger med bra inneh\u00e5ll, stilla och enkla, att sjunga med i.<br \/>\nH\u00e4r kan du ladda ner <a href=\"https:\/\/brukssanger.se\/wp-content\/uploads\/2023\/11\/Sanghafte-Andrum-.pdf\">s\u00e5ngh\u00e4ftet.<\/a><\/p>\n<hr \/>\n<p>N\u00e5gra smakprov fr\u00e5n Brukss\u00e5nger p\u00e5 Youtube<\/p>\n<p><iframe loading=\"lazy\" title=\"YouTube video player\" src=\"https:\/\/www.youtube.com\/embed\/videoseries?si=vilGRgWwiifzvmjd&amp;list=PLlPhKMW1HX7i4-vM9qH1RBlplDZVci4-k\" width=\"560\" height=\"315\" frameborder=\"0\" allowfullscreen=\"allowfullscreen\"><\/iframe><\/p>\n<p>&nbsp;<\/p>\n","protected":false},"excerpt":{"rendered":"<p>Brukss\u00e5nger \u00e4r s\u00e5ngboken p\u00e5 n\u00e4tet, med s\u00e5nger f\u00f6r gudstj\u00e4nst, andakt, konfirmation, l\u00e4ger, k\u00f6r&#8230; livet. S\u00e5ngerna \u00e4r skrivna b\u00e5de av m\u00e4nniskor som har skrivandet som yrke och m\u00e4nniskor som har skrivandet som hobby. Brukss\u00e5nger \u00e4r en del av Equmeniakyrkan. Om du har abonnemangskod kan du s\u00f6ka, h\u00e4mta och lyssna<a class=\"moretag\" href=\"https:\/\/brukssanger.se\/\"> &#8230;L\u00e4s mer<\/a><\/p>\n","protected":false},"author":56,"featured_media":0,"parent":0,"menu_order":0,"comment_status":"closed","ping_status":"closed","template":"","meta":{"_monsterinsights_skip_tracking":false,"_monsterinsights_sitenote_active":false,"_monsterinsights_sitenote_note":"","_monsterinsights_sitenote_category":0,"footnotes":""},"categories":[],"tags":[],"class_list":["post-4","page","type-page","status-publish","hentry","clearfix"],"_links":{"self":[{"href":"https:\/\/brukssanger.se\/index.php\/wp-json\/wp\/v2\/pages\/4","targetHints":{"allow":["GET"]}}],"collection":[{"href":"https:\/\/brukssanger.se\/index.php\/wp-json\/wp\/v2\/pages"}],"about":[{"href":"https:\/\/brukssanger.se\/index.php\/wp-json\/wp\/v2\/types\/page"}],"author":[{"embeddable":true,"href":"https:\/\/brukssanger.se\/index.php\/wp-json\/wp\/v2\/users\/56"}],"replies":[{"embeddable":true,"href":"https:\/\/brukssanger.se\/index.php\/wp-json\/wp\/v2\/comments?post=4"}],"version-history":[{"count":253,"href":"https:\/\/brukssanger.se\/index.php\/wp-json\/wp\/v2\/pages\/4\/revisions"}],"predecessor-version":[{"id":7782,"href":"https:\/\/brukssanger.se\/index.php\/wp-json\/wp\/v2\/pages\/4\/revisions\/7782"}],"wp:attachment":[{"href":"https:\/\/brukssanger.se\/index.php\/wp-json\/wp\/v2\/media?parent=4"}],"wp:term":[{"taxonomy":"category","embeddable":true,"href":"https:\/\/brukssanger.se\/index.php\/wp-json\/wp\/v2\/categories?post=4"},{"taxonomy":"post_tag","embeddable":true,"href":"https:\/\/brukssanger.se\/index.php\/wp-json\/wp\/v2\/tags?post=4"}],"curies":[{"name":"wp","href":"https:\/\/api.w.org\/{rel}","templated":true}]}}